{"id":760,"date":"2020-06-10T18:33:37","date_gmt":"2020-06-10T16:33:37","guid":{"rendered":"https:\/\/www.migration-macht-gesellschaft.de\/rechtshilfe-muenchen-ev\/"},"modified":"2026-01-05T11:51:28","modified_gmt":"2026-01-05T10:51:28","slug":"formulaire-de-demande","status":"publish","type":"page","link":"https:\/\/www.migration-macht-gesellschaft.de\/fr\/beneficier-de-nos-conseils\/formulaire-de-demande\/","title":{"rendered":"Formulaire de demande"},"content":{"rendered":"<div id='full_slider_1'  class='avia-fullwidth-slider main_color avia-shadow   avia-builder-el-0  el_before_av_one_full  avia-builder-el-first   container_wrap fullsize' style=' '  ><div   data-size='no scaling'  data-lightbox_size='large'  data-animation='slide'  data-conditional_play=''  data-ids='69'  data-video_counter='0'  data-autoplay='false'  data-bg_slider='false'  data-slide_height=''  data-handle='av_slideshow_full'  data-interval='5'  data-class=' '  data-el_id=''  data-css_id=''  data-scroll_down=''  data-control_layout='av-control-default'  data-custom_markup=''  data-perma_caption='aviaTBperma_caption'  data-autoplay_stopper=''  data-image_attachment=''  data-min_height='160px'  data-src=''  data-position='top left'  data-repeat='no-repeat'  data-attach='scroll'  data-stretch=''  class='avia-slideshow avia-slideshow-1  av-control-default av-default-height-applied avia-slideshow-no scaling av_slideshow_full   avia-slide-slider '  itemprop=\"image\" itemscope=\"itemscope\" itemtype=\"https:\/\/schema.org\/ImageObject\" ><ul class='avia-slideshow-inner ' style='padding-bottom: 18.571428571429%;' ><li  class=' av-single-slide slide-1 ' ><div data-rel='slideshow-1' class='avia-slide-wrap '   ><img src='https:\/\/www.migration-macht-gesellschaft.de\/wp-content\/uploads\/2020\/06\/testheader01.jpg' width='1400' height='260' title='testheader01' alt=''  itemprop=\"thumbnailUrl\"  style='min-height:160px; min-width:862px; ' \/><\/div><\/li><\/ul><div class = \"caption_fullwidth av-slideshow-caption caption_bottom caption_bottom_framed caption_framed\"><div class = \"container caption_container\"><div class = \"slideshow_caption\"><div class = \"slideshow_inner_caption\"><div class = \"slideshow_align_caption\"><span  class='avia-caption-title  '  itemprop=\"name\" >de bon conseil. respectueux. interactif<\/span><\/div><\/div><\/div><\/div><\/div><\/div><\/div><div id='after_full_slider_1'  class='main_color av_default_container_wrap container_wrap fullsize' style=' '  ><div class='container' ><div class='template-page content  av-content-full alpha units'><div class='post-entry post-entry-type-page post-entry-760'><div class='entry-content-wrapper clearfix'>\n<div class=\"flex_column av_one_full  flex_column_div av-zero-column-padding first  avia-builder-el-1  el_after_av_slideshow_full  avia-builder-el-no-sibling  \" style='border-radius:0px; '><section class=\"av_textblock_section \"  itemscope=\"itemscope\" itemtype=\"https:\/\/schema.org\/CreativeWork\" ><div class='avia_textblock  '   itemprop=\"text\" ><h2 style=\"text-align: left;\" align=\"center\"><span style=\"color: #3366ff;\"><b>Conseils et renseignements concernant les questions d\u2019asile et de permis de s\u00e9jour<\/b><\/span><\/h2>\n<h3 style=\"text-align: left;\" align=\"center\"><span style=\"color: #3366ff;\">Les conseils juridiques ne sont possibles que sur inscription!<\/span><\/h3>\n<p>La consultation juridique concernant le droit d&rsquo;asile et le droit de s\u00e9jour peut avoir lieu en personne \u00e0 l&rsquo;EineWeltHaus (Schwanthalerstra\u00dfe 80) les mardis de 18h00 \u00e0 20h30, ainsi que par t\u00e9l\u00e9phone.<\/p>\n<p>Pour prendre rendez-vous avec nous, veuillez remplir le formulaire d&rsquo;inscription ci-dessous. Nous prendrons contact avec vous dans les plus brefs d\u00e9lais !<\/p>\n<h6>A noter :<\/h6>\n<p>Nous recevons actuellement beaucoup de demandes de renseignements. Notre aide juridique est un service b\u00e9n\u00e9vole. Nous donnons la priorit\u00e9 aux rendez-vous pour les personnes qui n&rsquo;ont pas les moyens de s&rsquo;offrir une (premi\u00e8re) consultation avec un avocat. Nous vous enverrons volontiers une liste d&rsquo;avocats sp\u00e9cialis\u00e9s dans le droit d&rsquo;asile, le droit de s\u00e9jour et le droit des migrations.<\/p>\n<\/div><\/section><br \/>\n<div   class='hr hr-default   avia-builder-el-3  el_after_av_textblock  el_before_av_codeblock '><span class='hr-inner ' ><span class='hr-inner-style'><\/span><\/span><\/div><br \/>\n<\/p><\/div>\n","protected":false},"excerpt":{"rendered":"","protected":false},"author":1,"featured_media":0,"parent":777,"menu_order":5,"comment_status":"closed","ping_status":"closed","template":"","meta":{"footnotes":""},"class_list":["post-760","page","type-page","status-publish","hentry"],"_links":{"self":[{"href":"https:\/\/www.migration-macht-gesellschaft.de\/fr\/wp-json\/wp\/v2\/pages\/760","targetHints":{"allow":["GET"]}}],"collection":[{"href":"https:\/\/www.migration-macht-gesellschaft.de\/fr\/wp-json\/wp\/v2\/pages"}],"about":[{"href":"https:\/\/www.migration-macht-gesellschaft.de\/fr\/wp-json\/wp\/v2\/types\/page"}],"author":[{"embeddable":true,"href":"https:\/\/www.migration-macht-gesellschaft.de\/fr\/wp-json\/wp\/v2\/users\/1"}],"replies":[{"embeddable":true,"href":"https:\/\/www.migration-macht-gesellschaft.de\/fr\/wp-json\/wp\/v2\/comments?post=760"}],"version-history":[{"count":18,"href":"https:\/\/www.migration-macht-gesellschaft.de\/fr\/wp-json\/wp\/v2\/pages\/760\/revisions"}],"predecessor-version":[{"id":11706,"href":"https:\/\/www.migration-macht-gesellschaft.de\/fr\/wp-json\/wp\/v2\/pages\/760\/revisions\/11706"}],"up":[{"embeddable":true,"href":"https:\/\/www.migration-macht-gesellschaft.de\/fr\/wp-json\/wp\/v2\/pages\/777"}],"wp:attachment":[{"href":"https:\/\/www.migration-macht-gesellschaft.de\/fr\/wp-json\/wp\/v2\/media?parent=760"}],"curies":[{"name":"wp","href":"https:\/\/api.w.org\/{rel}","templated":true}]}}