{"id":684,"date":"2020-06-10T18:30:55","date_gmt":"2020-06-10T16:30:55","guid":{"rendered":"https:\/\/www.migration-macht-gesellschaft.de\/about-us\/"},"modified":"2026-03-31T10:04:06","modified_gmt":"2026-03-31T08:04:06","slug":"hakimizda","status":"publish","type":"page","link":"https:\/\/www.migration-macht-gesellschaft.de\/tr\/hakimizda\/","title":{"rendered":"Hak\u0131m\u0131zda"},"content":{"rendered":"<div id='full_slider_1'  class='avia-fullwidth-slider main_color avia-shadow   avia-builder-el-0  el_before_av_textblock  avia-builder-el-first   container_wrap fullsize' style=' '  ><div   data-size='no scaling'  data-lightbox_size='large'  data-animation='slide'  data-conditional_play=''  data-ids='69'  data-video_counter='0'  data-autoplay='false'  data-bg_slider='false'  data-slide_height=''  data-handle='av_slideshow_full'  data-interval='5'  data-class=' '  data-el_id=''  data-css_id=''  data-scroll_down=''  data-control_layout='av-control-default'  data-custom_markup=''  data-perma_caption='aviaTBperma_caption'  data-autoplay_stopper=''  data-image_attachment=''  data-min_height='160px'  data-src=''  data-position='top left'  data-repeat='no-repeat'  data-attach='scroll'  data-stretch=''  class='avia-slideshow avia-slideshow-1  av-control-default av-default-height-applied avia-slideshow-no scaling av_slideshow_full   avia-slide-slider '  itemprop=\"image\" itemscope=\"itemscope\" itemtype=\"https:\/\/schema.org\/ImageObject\" ><ul class='avia-slideshow-inner ' style='padding-bottom: 18.571428571429%;' ><li  class=' av-single-slide slide-1 ' ><div data-rel='slideshow-1' class='avia-slide-wrap '   ><img src='https:\/\/www.migration-macht-gesellschaft.de\/wp-content\/uploads\/2020\/06\/testheader01.jpg' width='1400' height='260' title='testheader01' alt=''  itemprop=\"thumbnailUrl\"  style='min-height:160px; min-width:862px; ' \/><\/div><\/li><\/ul><div class = \"caption_fullwidth av-slideshow-caption caption_bottom caption_bottom_framed caption_framed\"><div class = \"container caption_container\"><div class = \"slideshow_caption\"><div class = \"slideshow_inner_caption\"><div class = \"slideshow_align_caption\"><span  class='avia-caption-title  '  itemprop=\"name\" >informativ . kritisch . lebendig<\/span><\/div><\/div><\/div><\/div><\/div><\/div><\/div><div id='after_full_slider_1'  class='main_color av_default_container_wrap container_wrap fullsize' style=' '  ><div class='container' ><div class='template-page content  av-content-full alpha units'><div class='post-entry post-entry-type-page post-entry-684'><div class='entry-content-wrapper clearfix'>\n<section class=\"av_textblock_section \"  itemscope=\"itemscope\" itemtype=\"https:\/\/schema.org\/CreativeWork\" ><div class='avia_textblock  '   itemprop=\"text\" ><h1><strong>MIGRATION MACHT GESELLSCHAFT e.V.<\/strong><\/h1>\n<p><strong>\u00a0<\/strong><\/p>\n<p>Migration macht Gesellschaft (G\u00f6\u00e7 Toplumu Sekilendirir) 1988\u2019den beri var olan ve 2020\u2019ye kadar \u201cInterkulturelles Forum\u201d ad\u0131 ile hizmet vermi\u0219 bir dernektir.<\/p>\n<p>Derne\u011fimizin ad\u0131n\u0131n de\u011fi\u0219tirilmesinin nedeni, g\u00f6\u00e7\u00fcn toplumu sekilendirdigi ve g\u00f6c konusunu nas\u0131l anlad\u0131\u011f\u0131m\u0131zda yatmaktad\u0131r. Bu anlay\u0131\u0219a dayanarak M\u00fcnih\u00b4i de g\u00f6\u00e7\u00fcn \u0219ekillendirdi\u011fi bir \u0219ehir olarak tanimliyoruz. C\u00fcnk\u00fc g\u00f6\u00e7 topluluklar\u0131nda azinliklari dahil etme ve d\u0131\u0219lama mekanizmalarina, sadece g\u00fc\u00e7 fakt\u00f6r\u00fcn\u00fcn \u00f6nemini vurgularsak bu mekanizlara yanit verilebiliriz.<\/p>\n<p>G\u00f6c\u00fcn \u015fekillendirdi\u011fi toplumun yarat\u0131c\u0131 bir par\u00e7as\u0131 olarak bir katki sunmaya calisan dernek, t\u00fcm M\u00fcnih sakinlerinin sosyal hayata kapsay\u0131c\u0131 ve e\u015fit olarak kat\u0131labilece\u011fi bir kentsel toplum hedefliyor.<\/p>\n<p>\u00c7al\u0131\u015fmam\u0131z\u0131n dayand\u0131\u011f\u0131 geni\u015f kat\u0131l\u0131m anlay\u0131\u015f\u0131 nedeniyle, \u00f6nerilerimiz s\u00fcrekli olarak \u00e7e\u015fitli ayr\u0131mc\u0131l\u0131k bi\u00e7imlerini ve bunlar\u0131n etkile\u015fimini azaltmay\u0131 ama\u00e7lar, ancak \u00f6zellikle farkl\u0131 d\u00fczeylerde \u0131rk\u00e7\u0131l\u0131k ya\u015fayan M\u00fcnih sakinlerine y\u00f6neliktir.<\/p>\n<p><strong>Migration macht Gesellschaft bu hedefi a\u0219a\u011f\u0131daki calismalarla takip etmektedir:<\/strong><\/p>\n<p>\u2022 \u00c7e\u0219itli alanlarda g\u00f6\u00e7menlere \u00f6zel dan\u0131\u0219ma olanagi<br \/>\n\u2022 \u201cRechtshilfe M\u00fcnchen\u201d projesi kapsam\u0131nda iltica ve ikamet hukuku ile ilgili hukuki konularda dan\u0131\u015fmanl\u0131k ve bilgilendirme.<br \/>\n\u2022 Evrensel ve yerel toplum politikas\u0131 \u00e7er\u00e7evesindeki konularla ilgili etkinlikler d\u00fczenlemek (seminerler, sergiler, okuma ve m\u00fczik vs)<\/p>\n<p>\u201eMigration Macht Gesellschaft\u201c\u0131n t\u00fcz\u00fcg\u00fcn\u00fc burada bulabilirsiniz:<\/p>\n<\/div><\/section>\n<section class=\"av_textblock_section \"  itemscope=\"itemscope\" itemtype=\"https:\/\/schema.org\/CreativeWork\" ><div class='avia_textblock  av_inherit_color '  style='color:#378ce8; '  itemprop=\"text\" ><h3 style=\"text-align: left;\"><a href=\"https:\/\/www.migration-macht-gesellschaft.de\/wp-content\/uploads\/2026\/03\/Satzung_Migration_macht_Gesellschaft_e.V_10.12.2025.pdf\">T\u00fcz\u00fck_Migration_macht_Gesellschaft_e.V.<\/a><\/h3>\n<\/div><\/section>\n<section class=\"av_textblock_section \"  itemscope=\"itemscope\" itemtype=\"https:\/\/schema.org\/CreativeWork\" ><div class='avia_textblock  av_inherit_color '  style='color:#378ce8; '  itemprop=\"text\" ><p style=\"text-align: left;\"><span style=\"color: #000000;\">Migration macht Gesellschaft e.V.\u00a0 Sozialreferat \u2013 Amt f\u00fcr Wohnen und Migration der Landeshauptstadt M\u00fcnchen taraf\u0131ndan finanse ediliyor.<br \/>\n<\/span><\/p>\n<p style=\"text-align: left;\"><img loading=\"lazy\" decoding=\"async\" class=\"alignnone wp-image-529\" src=\"https:\/\/www.migration-macht-gesellschaft.de\/wp-content\/uploads\/2021\/02\/12S.png\" alt=\"\" width=\"163\" height=\"31\" \/><\/p>\n<\/div><\/section>\n","protected":false},"excerpt":{"rendered":"","protected":false},"author":1,"featured_media":0,"parent":0,"menu_order":10,"comment_status":"closed","ping_status":"closed","template":"","meta":{"footnotes":""},"class_list":["post-684","page","type-page","status-publish","hentry"],"_links":{"self":[{"href":"https:\/\/www.migration-macht-gesellschaft.de\/tr\/wp-json\/wp\/v2\/pages\/684","targetHints":{"allow":["GET"]}}],"collection":[{"href":"https:\/\/www.migration-macht-gesellschaft.de\/tr\/wp-json\/wp\/v2\/pages"}],"about":[{"href":"https:\/\/www.migration-macht-gesellschaft.de\/tr\/wp-json\/wp\/v2\/types\/page"}],"author":[{"embeddable":true,"href":"https:\/\/www.migration-macht-gesellschaft.de\/tr\/wp-json\/wp\/v2\/users\/1"}],"replies":[{"embeddable":true,"href":"https:\/\/www.migration-macht-gesellschaft.de\/tr\/wp-json\/wp\/v2\/comments?post=684"}],"version-history":[{"count":6,"href":"https:\/\/www.migration-macht-gesellschaft.de\/tr\/wp-json\/wp\/v2\/pages\/684\/revisions"}],"predecessor-version":[{"id":12004,"href":"https:\/\/www.migration-macht-gesellschaft.de\/tr\/wp-json\/wp\/v2\/pages\/684\/revisions\/12004"}],"wp:attachment":[{"href":"https:\/\/www.migration-macht-gesellschaft.de\/tr\/wp-json\/wp\/v2\/media?parent=684"}],"curies":[{"name":"wp","href":"https:\/\/api.w.org\/{rel}","templated":true}]}}